{"id":1105,"date":"2025-08-14T22:36:13","date_gmt":"2025-08-14T19:36:13","guid":{"rendered":"https:\/\/www.suymerbir.org.tr\/?page_id=1105"},"modified":"2025-11-13T11:02:43","modified_gmt":"2025-11-13T08:02:43","slug":"tuzukler","status":"publish","type":"page","link":"https:\/\/www.suymerbir.org.tr\/en\/mevzuat\/tuzukler","title":{"rendered":"Statutes"},"content":{"rendered":"","protected":false},"excerpt":{"rendered":"","protected":false},"author":1,"featured_media":0,"parent":1097,"menu_order":0,"comment_status":"closed","ping_status":"closed","template":"","meta":{"_eb_attr":"","_uag_custom_page_level_css":"","_kad_post_transparent":"","_kad_post_title":"","_kad_post_layout":"","_kad_post_sidebar_id":"","_kad_post_content_style":"","_kad_post_vertical_padding":"","_kad_post_feature":"","_kad_post_feature_position":"","_kad_post_header":false,"_kad_post_footer":false,"footnotes":""},"class_list":["post-1105","page","type-page","status-publish","hentry"],"featured_image_src":null,"yoast_head":"<!-- This site is optimized with the Yoast SEO plugin v26.3 - https:\/\/yoast.com\/wordpress\/plugins\/seo\/ -->\n<title>Statutes<\/title>\n<meta name=\"robots\" content=\"index, follow, max-snippet:-1, max-image-preview:large, max-video-preview:-1\" \/>\n<link rel=\"canonical\" href=\"https:\/\/www.suymerbir.org.tr\/en\/mevzuat\/tuzukler\" \/>\n<meta property=\"og:locale\" content=\"en_US\" \/>\n<meta property=\"og:locale:alternate\" content=\"tr_TR\" \/>\n<meta property=\"og:type\" content=\"article\" \/>\n<meta property=\"og:title\" content=\"Statutes\" \/>\n<meta property=\"og:url\" content=\"https:\/\/www.suymerbir.org.tr\/en\/mevzuat\/tuzukler\" \/>\n<meta property=\"og:site_name\" content=\"SUYMERB\u0130R\" \/>\n<meta property=\"article:modified_time\" content=\"2025-11-13T08:02:43+00:00\" \/>\n<meta name=\"twitter:card\" content=\"summary_large_image\" \/>\n<script type=\"application\/ld+json\" class=\"yoast-schema-graph\">{\"@context\":\"https:\/\/schema.org\",\"@graph\":[{\"@type\":\"WebPage\",\"@id\":\"https:\/\/www.suymerbir.org.tr\/en\/mevzuat\/tuzukler\",\"url\":\"https:\/\/www.suymerbir.org.tr\/en\/mevzuat\/tuzukler\",\"name\":\"Statutes\",\"isPartOf\":{\"@id\":\"https:\/\/www.suymerbir.org.tr\/#website\"},\"datePublished\":\"2025-08-14T19:36:13+00:00\",\"dateModified\":\"2025-11-13T08:02:43+00:00\",\"breadcrumb\":{\"@id\":\"https:\/\/www.suymerbir.org.tr\/en\/mevzuat\/tuzukler#breadcrumb\"},\"inLanguage\":\"en-US\",\"potentialAction\":[{\"@type\":\"ReadAction\",\"target\":[\"https:\/\/www.suymerbir.org.tr\/en\/mevzuat\/tuzukler\"]}]},{\"@type\":\"BreadcrumbList\",\"@id\":\"https:\/\/www.suymerbir.org.tr\/en\/mevzuat\/tuzukler#breadcrumb\",\"itemListElement\":[{\"@type\":\"ListItem\",\"position\":1,\"name\":\"Anasayfa\",\"item\":\"https:\/\/www.suymerbir.org.tr\/\"},{\"@type\":\"ListItem\",\"position\":2,\"name\":\"Legislation\",\"item\":\"https:\/\/www.suymerbir.org.tr\/en\/mevzuat\"},{\"@type\":\"ListItem\",\"position\":3,\"name\":\"Statutes\"}]},{\"@type\":\"WebSite\",\"@id\":\"https:\/\/www.suymerbir.org.tr\/#website\",\"url\":\"https:\/\/www.suymerbir.org.tr\/\",\"name\":\"SUYMERB\u0130R\",\"description\":\"\",\"publisher\":{\"@id\":\"https:\/\/www.suymerbir.org.tr\/#organization\"},\"potentialAction\":[{\"@type\":\"SearchAction\",\"target\":{\"@type\":\"EntryPoint\",\"urlTemplate\":\"https:\/\/www.suymerbir.org.tr\/?s={search_term_string}\"},\"query-input\":{\"@type\":\"PropertyValueSpecification\",\"valueRequired\":true,\"valueName\":\"search_term_string\"}}],\"inLanguage\":\"en-US\"},{\"@type\":\"Organization\",\"@id\":\"https:\/\/www.suymerbir.org.tr\/#organization\",\"name\":\"SUYMERB\u0130R\",\"url\":\"https:\/\/www.suymerbir.org.tr\/\",\"logo\":{\"@type\":\"ImageObject\",\"inLanguage\":\"en-US\",\"@id\":\"https:\/\/www.suymerbir.org.tr\/#\/schema\/logo\/image\/\",\"url\":\"https:\/\/www.suymerbir.org.tr\/wp-content\/uploads\/2025\/08\/cropped-suymerbir-logo.png\",\"contentUrl\":\"https:\/\/www.suymerbir.org.tr\/wp-content\/uploads\/2025\/08\/cropped-suymerbir-logo.png\",\"width\":100,\"height\":100,\"caption\":\"SUYMERB\u0130R\"},\"image\":{\"@id\":\"https:\/\/www.suymerbir.org.tr\/#\/schema\/logo\/image\/\"},\"sameAs\":[\"https:\/\/instagram.com\/suymerbir\"]}]}<\/script>\n<!-- \/ Yoast SEO plugin. -->","yoast_head_json":{"title":"Statutes","robots":{"index":"index","follow":"follow","max-snippet":"max-snippet:-1","max-image-preview":"max-image-preview:large","max-video-preview":"max-video-preview:-1"},"canonical":"https:\/\/www.suymerbir.org.tr\/en\/mevzuat\/tuzukler","og_locale":"en_US","og_type":"article","og_title":"[:tr]T\u00fcz\u00fckler[:en]Statutes[:] - SUYMERB\u0130R","og_url":"https:\/\/www.suymerbir.org.tr\/en\/mevzuat\/tuzukler","og_site_name":"SUYMERB\u0130R","article_modified_time":"2025-11-13T08:02:43+00:00","twitter_card":"summary_large_image","schema":{"@context":"https:\/\/schema.org","@graph":[{"@type":"WebPage","@id":"https:\/\/www.suymerbir.org.tr\/en\/mevzuat\/tuzukler","url":"https:\/\/www.suymerbir.org.tr\/en\/mevzuat\/tuzukler","name":"Statutes","isPartOf":{"@id":"https:\/\/www.suymerbir.org.tr\/#website"},"datePublished":"2025-08-14T19:36:13+00:00","dateModified":"2025-11-13T08:02:43+00:00","breadcrumb":{"@id":"https:\/\/www.suymerbir.org.tr\/en\/mevzuat\/tuzukler#breadcrumb"},"inLanguage":"en-US","potentialAction":[{"@type":"ReadAction","target":["https:\/\/www.suymerbir.org.tr\/en\/mevzuat\/tuzukler"]}]},{"@type":"BreadcrumbList","@id":"https:\/\/www.suymerbir.org.tr\/en\/mevzuat\/tuzukler#breadcrumb","itemListElement":[{"@type":"ListItem","position":1,"name":"Anasayfa","item":"https:\/\/www.suymerbir.org.tr\/"},{"@type":"ListItem","position":2,"name":"Legislation","item":"https:\/\/www.suymerbir.org.tr\/en\/mevzuat"},{"@type":"ListItem","position":3,"name":"Statutes"}]},{"@type":"WebSite","@id":"https:\/\/www.suymerbir.org.tr\/#website","url":"https:\/\/www.suymerbir.org.tr\/","name":"SUYMERB\u0130R","description":"","publisher":{"@id":"https:\/\/www.suymerbir.org.tr\/#organization"},"potentialAction":[{"@type":"SearchAction","target":{"@type":"EntryPoint","urlTemplate":"https:\/\/www.suymerbir.org.tr\/?s={search_term_string}"},"query-input":{"@type":"PropertyValueSpecification","valueRequired":true,"valueName":"search_term_string"}}],"inLanguage":"en-US"},{"@type":"Organization","@id":"https:\/\/www.suymerbir.org.tr\/#organization","name":"SUYMERB\u0130R","url":"https:\/\/www.suymerbir.org.tr\/","logo":{"@type":"ImageObject","inLanguage":"en-US","@id":"https:\/\/www.suymerbir.org.tr\/#\/schema\/logo\/image\/","url":"https:\/\/www.suymerbir.org.tr\/wp-content\/uploads\/2025\/08\/cropped-suymerbir-logo.png","contentUrl":"https:\/\/www.suymerbir.org.tr\/wp-content\/uploads\/2025\/08\/cropped-suymerbir-logo.png","width":100,"height":100,"caption":"SUYMERB\u0130R"},"image":{"@id":"https:\/\/www.suymerbir.org.tr\/#\/schema\/logo\/image\/"},"sameAs":["https:\/\/instagram.com\/suymerbir"]}]}},"uagb_featured_image_src":{"full":false,"thumbnail":false,"medium":false,"medium_large":false,"large":false,"1536x1536":false,"2048x2048":false},"uagb_author_info":{"display_name":"suymerbir_l33l4d","author_link":"https:\/\/www.suymerbir.org.tr\/en\/author\/suymerbir_l33l4d"},"uagb_comment_info":0,"uagb_excerpt":null,"_links":{"self":[{"href":"https:\/\/www.suymerbir.org.tr\/en\/wp-json\/wp\/v2\/pages\/1105","targetHints":{"allow":["GET"]}}],"collection":[{"href":"https:\/\/www.suymerbir.org.tr\/en\/wp-json\/wp\/v2\/pages"}],"about":[{"href":"https:\/\/www.suymerbir.org.tr\/en\/wp-json\/wp\/v2\/types\/page"}],"author":[{"embeddable":true,"href":"https:\/\/www.suymerbir.org.tr\/en\/wp-json\/wp\/v2\/users\/1"}],"replies":[{"embeddable":true,"href":"https:\/\/www.suymerbir.org.tr\/en\/wp-json\/wp\/v2\/comments?post=1105"}],"version-history":[{"count":2,"href":"https:\/\/www.suymerbir.org.tr\/en\/wp-json\/wp\/v2\/pages\/1105\/revisions"}],"predecessor-version":[{"id":14496,"href":"https:\/\/www.suymerbir.org.tr\/en\/wp-json\/wp\/v2\/pages\/1105\/revisions\/14496"}],"up":[{"embeddable":true,"href":"https:\/\/www.suymerbir.org.tr\/en\/wp-json\/wp\/v2\/pages\/1097"}],"wp:attachment":[{"href":"https:\/\/www.suymerbir.org.tr\/en\/wp-json\/wp\/v2\/media?parent=1105"}],"curies":[{"name":"wp","href":"https:\/\/api.w.org\/{rel}","templated":true}]}}